{"id":14,"date":"2026-04-06T13:29:24","date_gmt":"2026-04-06T13:29:24","guid":{"rendered":"https:\/\/ampersand.no\/bak-23432423\/?page_id=14"},"modified":"2026-04-06T13:29:24","modified_gmt":"2026-04-06T13:29:24","slug":"kontakt","status":"publish","type":"page","link":"https:\/\/ampersand.no\/index.php\/kontakt\/","title":{"rendered":"Kontakt"},"content":{"rendered":"\n<div class=\"wp-block-cover alignfull\" style=\"min-height:300px;aspect-ratio:unset;\"><div class=\"wp-block-cover__inner-container is-layout-flow wp-block-cover-is-layout-flow\">\n<h1 class=\"has-text-align-center has-text-color wp-block-heading\" style=\"color:#ffffff\">Kontakt oss<\/h1>\n\n\n<p class=\"has-text-align-center has-text-color\" style=\"color:#ffffff\">Vi svarer alltid innen \u00e9n virkedag<\/p>\n<\/div><\/div>\n\n\n\n<div class=\"wp-block-group is-layout-constrained wp-block-group-is-layout-constrained\" style=\"padding-top:60px;padding-bottom:60px\">\n\n<div class=\"wp-block-columns is-layout-flex wp-container-core-columns-is-layout-28f84493 wp-block-columns-is-layout-flex\">\n<div class=\"wp-block-column is-layout-flow wp-block-column-is-layout-flow\">\n<h2 class=\"wp-block-heading\">Ta kontakt<\/h2>\n\n\n<p>Har du sp\u00f8rsm\u00e5l om v\u00e5re tjenester, eller \u00f8nsker du en uforpliktende samtale om IT-utfordringene dine? Vi h\u00f8rer gjerne fra deg.<\/p>\n\n\n<h4 class=\"wp-block-heading\">Telefon<\/h4>\n\n\n<p><a href=\"tel:+4738123456\">+47 38 12 34 56<\/a><br>Mandag\u2013fredag, 08:00\u201316:00<\/p>\n\n\n<h4 class=\"wp-block-heading\">E-post<\/h4>\n\n\n<p><a href=\"mailto:post@ampersand.no\">post@ampersand.no<\/a><\/p>\n\n\n<h4 class=\"wp-block-heading\">Adresse<\/h4>\n\n\n<p>Strandgaten 12<br>4611 Kristiansand<\/p>\n<\/div>\n\n\n<div class=\"wp-block-column is-layout-flow wp-block-column-is-layout-flow\">\n<h2 class=\"wp-block-heading\">\u00c5pningstider<\/h2>\n\n\n<figure class=\"wp-block-table\"><table><tbody><tr><td>Mandag<\/td><td>08:00\u201316:00<\/td><\/tr><tr><td>Tirsdag<\/td><td>08:00\u201316:00<\/td><\/tr><tr><td>Onsdag<\/td><td>08:00\u201316:00<\/td><\/tr><tr><td>Torsdag<\/td><td>08:00\u201316:00<\/td><\/tr><tr><td>Fredag<\/td><td>08:00\u201315:30<\/td><\/tr><tr><td>L\u00f8rdag\u2013s\u00f8ndag<\/td><td>Stengt (akuttvakt tilgjengelig)<\/td><\/tr><\/tbody><\/table><\/figure>\n\n\n<p><strong>Akuttvakt:<\/strong> For kunder med driftsavtale tilbyr vi akuttsupport utenom \u00e5pningstider. Ring <a href=\"tel:+4799887766\">+47 998 87 766<\/a>.<\/p>\n<\/div>\n<\/div>\n\n<\/div>\n","protected":false},"excerpt":{"rendered":"<p>Ta kontakt Har du sp\u00f8rsm\u00e5l om v\u00e5re tjenester, eller \u00f8nsker du en uforpliktende samtale om IT-utfordringene dine? Vi h\u00f8rer gjerne [&hellip;]<\/p>\n","protected":false},"author":1,"featured_media":0,"parent":0,"menu_order":0,"comment_status":"closed","ping_status":"closed","template":"","meta":{"site-sidebar-layout":"default","site-content-layout":"","ast-site-content-layout":"default","site-content-style":"default","site-sidebar-style":"default","ast-global-header-display":"","ast-banner-title-visibility":"","ast-main-header-display":"","ast-hfb-above-header-display":"","ast-hfb-below-header-display":"","ast-hfb-mobile-header-display":"","site-post-title":"","ast-breadcrumbs-content":"","ast-featured-img":"","footer-sml-layout":"","ast-disable-related-posts":"","theme-transparent-header-meta":"","adv-header-id-meta":"","stick-header-meta":"","header-above-stick-meta":"","header-main-stick-meta":"","header-below-stick-meta":"","astra-migrate-meta-layouts":"default","ast-page-background-enabled":"default","ast-page-background-meta":{"desktop":{"background-color":"var(--ast-global-color-5)","background-image":"","background-repeat":"repeat","background-position":"center center","background-size":"auto","background-attachment":"scroll","background-type":"","background-media":"","overlay-type":"","overlay-color":"","overlay-opacity":"","overlay-gradient":""},"tablet":{"background-color":"","background-image":"","background-repeat":"repeat","background-position":"center center","background-size":"auto","background-attachment":"scroll","background-type":"","background-media":"","overlay-type":"","overlay-color":"","overlay-opacity":"","overlay-gradient":""},"mobile":{"background-color":"","background-image":"","background-repeat":"repeat","background-position":"center center","background-size":"auto","background-attachment":"scroll","background-type":"","background-media":"","overlay-type":"","overlay-color":"","overlay-opacity":"","overlay-gradient":""}},"ast-content-background-meta":{"desktop":{"background-color":"var(--ast-global-color-4)","background-image":"","background-repeat":"repeat","background-position":"center center","background-size":"auto","background-attachment":"scroll","background-type":"","background-media":"","overlay-type":"","overlay-color":"","overlay-opacity":"","overlay-gradient":""},"tablet":{"background-color":"var(--ast-global-color-4)","background-image":"","background-repeat":"repeat","background-position":"center center","background-size":"auto","background-attachment":"scroll","background-type":"","background-media":"","overlay-type":"","overlay-color":"","overlay-opacity":"","overlay-gradient":""},"mobile":{"background-color":"var(--ast-global-color-4)","background-image":"","background-repeat":"repeat","background-position":"center center","background-size":"auto","background-attachment":"scroll","background-type":"","background-media":"","overlay-type":"","overlay-color":"","overlay-opacity":"","overlay-gradient":""}},"footnotes":""},"class_list":["post-14","page","type-page","status-publish","hentry"],"_links":{"self":[{"href":"https:\/\/ampersand.no\/index.php\/wp-json\/wp\/v2\/pages\/14","targetHints":{"allow":["GET"]}}],"collection":[{"href":"https:\/\/ampersand.no\/index.php\/wp-json\/wp\/v2\/pages"}],"about":[{"href":"https:\/\/ampersand.no\/index.php\/wp-json\/wp\/v2\/types\/page"}],"author":[{"embeddable":true,"href":"https:\/\/ampersand.no\/index.php\/wp-json\/wp\/v2\/users\/1"}],"replies":[{"embeddable":true,"href":"https:\/\/ampersand.no\/index.php\/wp-json\/wp\/v2\/comments?post=14"}],"version-history":[{"count":1,"href":"https:\/\/ampersand.no\/index.php\/wp-json\/wp\/v2\/pages\/14\/revisions"}],"predecessor-version":[{"id":23,"href":"https:\/\/ampersand.no\/index.php\/wp-json\/wp\/v2\/pages\/14\/revisions\/23"}],"wp:attachment":[{"href":"https:\/\/ampersand.no\/index.php\/wp-json\/wp\/v2\/media?parent=14"}],"curies":[{"name":"wp","href":"https:\/\/api.w.org\/{rel}","templated":true}]}}